{"id":618,"date":"2024-08-06T20:53:46","date_gmt":"2024-08-06T18:53:46","guid":{"rendered":"https:\/\/sellocalidadservicio.com.ar\/?page_id=618"},"modified":"2024-09-05T15:27:47","modified_gmt":"2024-09-05T13:27:47","slug":"nosotros","status":"publish","type":"page","link":"https:\/\/sellocalidadservicio.com.ar\/index.php\/nosotros\/","title":{"rendered":"Nosotros"},"content":{"rendered":"\t\t<div data-elementor-type=\"wp-page\" data-elementor-id=\"618\" class=\"elementor elementor-618\" data-elementor-post-type=\"page\">\n\t\t\t\t<div class=\"elementor-element elementor-element-d170505 e-flex e-con-boxed e-con e-parent\" data-id=\"d170505\" data-element_type=\"container\" data-e-type=\"container\" data-settings=\"{&quot;background_background&quot;:&quot;classic&quot;}\">\n\t\t\t\t\t<div class=\"e-con-inner\">\n\t\t\t\t<div class=\"elementor-element elementor-element-da212e9 elementor-widget elementor-widget-heading\" data-id=\"da212e9\" data-element_type=\"widget\" data-e-type=\"widget\" data-widget_type=\"heading.default\">\n\t\t\t\t<div class=\"elementor-widget-container\">\n\t\t\t\t\t<h1 class=\"elementor-heading-title elementor-size-default\"><b>Nosotros<\/b><br>\n<\/h1>\t\t\t\t<\/div>\n\t\t\t\t<\/div>\n\t\t\t\t\t<\/div>\n\t\t\t\t<\/div>\n\t\t<div class=\"elementor-element elementor-element-2755e2f e-flex e-con-boxed e-con e-parent\" data-id=\"2755e2f\" data-element_type=\"container\" data-e-type=\"container\" data-settings=\"{&quot;background_background&quot;:&quot;classic&quot;}\">\n\t\t\t\t\t<div class=\"e-con-inner\">\n\t\t<div class=\"elementor-element elementor-element-f86196b e-con-full e-flex e-con e-child\" data-id=\"f86196b\" data-element_type=\"container\" data-e-type=\"container\">\n\t\t\t\t<div class=\"elementor-element elementor-element-0e8f17a elementor-widget elementor-widget-heading\" data-id=\"0e8f17a\" data-element_type=\"widget\" data-e-type=\"widget\" data-widget_type=\"heading.default\">\n\t\t\t\t<div class=\"elementor-widget-container\">\n\t\t\t\t\t<h2 class=\"elementor-heading-title elementor-size-default\">Por qu\u00e9 elegirnos<\/h2>\t\t\t\t<\/div>\n\t\t\t\t<\/div>\n\t\t\t\t<div class=\"elementor-element elementor-element-d94b105 elementor-widget elementor-widget-text-editor\" data-id=\"d94b105\" data-element_type=\"widget\" data-e-type=\"widget\" data-widget_type=\"text-editor.default\">\n\t\t\t\t<div class=\"elementor-widget-container\">\n\t\t\t\t\t\t\t\t\t<p>Nuestra visi\u00f3n como Cl\u00faster de Servicios Empresariales es visibilizar y jerarquizar la calidad de la oferta en nuestro sector. Por tal motivo aspiramos a otorgar un Sello de Calidad que les d\u00e9 <strong>identidad, distinci\u00f3n y referencia ante clientes y usuarios de los servicios<\/strong>.<br \/>Llegar a esta aspiraci\u00f3n es una consecuencia natural de la evoluci\u00f3n de cada una de las organizaciones de servicios empresariales que intervienen en el sector. Ya no s\u00f3lo basta con ser especialistas con trayectoria en servicios puntuales, sino que es necesario mantener una gesti\u00f3n de innovaci\u00f3n constante y asegurar los procesos para diferenciarse y aumentar la satisfacci\u00f3n de los destinatarios. De esta forma el Cl\u00faster de Servicios Empresariales busca de manera unificada, estructurada y validada, revisar peri\u00f3dicamente los niveles de calidad y satisfacci\u00f3n alcanzados por aquellas organizaciones que lleguen a obtener el Sello de Calidad, de una manera integrada, que sirva como garant\u00eda y referencia para el mercado.<br \/>Por otra parte, queremos agradecer a las instituciones que forman parte directa e indirectamente de esta iniciativa, que brindan su apoyo y expertise para que el ecosistema de servicios empresariales siga evolucionando y, al mismo tiempo, invitarlos a que se sumen en la implementaci\u00f3n de este est\u00e1ndar que estamos convencidos que representa el inicio del camino hacia la excelencia de los servicios empresariales de C\u00f3rdoba y el pa\u00eds.<\/p>\t\t\t\t\t\t\t\t<\/div>\n\t\t\t\t<\/div>\n\t\t\t\t<div class=\"elementor-element elementor-element-bc00071 elementor-align-center elementor-widget elementor-widget-button\" data-id=\"bc00071\" data-element_type=\"widget\" data-e-type=\"widget\" data-widget_type=\"button.default\">\n\t\t\t\t<div class=\"elementor-widget-container\">\n\t\t\t\t\t\t\t\t\t<div class=\"elementor-button-wrapper\">\n\t\t\t\t\t<a class=\"elementor-button elementor-button-link elementor-size-sm\" href=\"https:\/\/clusterdeserviciosempresariales.com.ar\/\" target=\"_blank\">\n\t\t\t\t\t\t<span class=\"elementor-button-content-wrapper\">\n\t\t\t\t\t\t<span class=\"elementor-button-icon\">\n\t\t\t\t<svg aria-hidden=\"true\" class=\"e-font-icon-svg e-fas-external-link-alt\" viewBox=\"0 0 512 512\" xmlns=\"http:\/\/www.w3.org\/2000\/svg\"><path d=\"M432,320H400a16,16,0,0,0-16,16V448H64V128H208a16,16,0,0,0,16-16V80a16,16,0,0,0-16-16H48A48,48,0,0,0,0,112V464a48,48,0,0,0,48,48H400a48,48,0,0,0,48-48V336A16,16,0,0,0,432,320ZM488,0h-128c-21.37,0-32.05,25.91-17,41l35.73,35.73L135,320.37a24,24,0,0,0,0,34L157.67,377a24,24,0,0,0,34,0L435.28,133.32,471,169c15,15,41,4.5,41-17V24A24,24,0,0,0,488,0Z\"><\/path><\/svg>\t\t\t<\/span>\n\t\t\t\t\t\t\t\t\t<span class=\"elementor-button-text\">Conoc\u00e9 m\u00e1s de Cluster<\/span>\n\t\t\t\t\t<\/span>\n\t\t\t\t\t<\/a>\n\t\t\t\t<\/div>\n\t\t\t\t\t\t\t\t<\/div>\n\t\t\t\t<\/div>\n\t\t\t\t<\/div>\n\t\t<div class=\"elementor-element elementor-element-f4d0e24 e-con-full e-flex e-con e-child\" data-id=\"f4d0e24\" data-element_type=\"container\" data-e-type=\"container\">\n\t\t\t\t<div class=\"elementor-element elementor-element-f91cc65 elementor-widget elementor-widget-image\" data-id=\"f91cc65\" data-element_type=\"widget\" data-e-type=\"widget\" data-widget_type=\"image.default\">\n\t\t\t\t<div class=\"elementor-widget-container\">\n\t\t\t\t\t\t\t\t\t\t\t\t\t\t\t<img decoding=\"async\" width=\"244\" height=\"98\" src=\"https:\/\/sellocalidadservicio.com.ar\/wp-content\/uploads\/2024\/07\/logos-sellos.svg\" class=\"attachment-large size-large wp-image-288\" alt=\"\" \/>\t\t\t\t\t\t\t\t\t\t\t\t\t\t\t<\/div>\n\t\t\t\t<\/div>\n\t\t\t\t<div class=\"elementor-element elementor-element-669da69 elementor-widget elementor-widget-image\" data-id=\"669da69\" data-element_type=\"widget\" data-e-type=\"widget\" data-widget_type=\"image.default\">\n\t\t\t\t<div class=\"elementor-widget-container\">\n\t\t\t\t\t\t\t\t\t\t\t\t\t\t\t<img fetchpriority=\"high\" decoding=\"async\" width=\"466\" height=\"552\" src=\"https:\/\/sellocalidadservicio.com.ar\/wp-content\/uploads\/2024\/08\/foto-3-beneficios-sello-de-calidad-cluster.webp\" class=\"attachment-large size-large wp-image-550\" alt=\"\" srcset=\"https:\/\/sellocalidadservicio.com.ar\/wp-content\/uploads\/2024\/08\/foto-3-beneficios-sello-de-calidad-cluster.webp 466w, https:\/\/sellocalidadservicio.com.ar\/wp-content\/uploads\/2024\/08\/foto-3-beneficios-sello-de-calidad-cluster-253x300.webp 253w\" sizes=\"(max-width: 466px) 100vw, 466px\" \/>\t\t\t\t\t\t\t\t\t\t\t\t\t\t\t<\/div>\n\t\t\t\t<\/div>\n\t\t\t\t<\/div>\n\t\t\t\t\t<\/div>\n\t\t\t\t<\/div>\n\t\t\t\t<\/div>\n\t\t","protected":false},"excerpt":{"rendered":"<p>Nosotros Por qu\u00e9 elegirnos Nuestra visi\u00f3n como Cl\u00faster de Servicios Empresariales es visibilizar y jerarquizar la calidad de la oferta en nuestro sector. Por tal motivo aspiramos a otorgar un Sello de Calidad que les d\u00e9 identidad, distinci\u00f3n y referencia ante clientes y usuarios de los servicios.Llegar a esta aspiraci\u00f3n es una consecuencia natural de [&hellip;]<\/p>\n","protected":false},"author":1,"featured_media":0,"parent":0,"menu_order":0,"comment_status":"closed","ping_status":"closed","template":"elementor_header_footer","meta":{"_joinchat":[],"footnotes":""},"class_list":["post-618","page","type-page","status-publish","hentry"],"yoast_head":"<!-- This site is optimized with the Yoast SEO plugin v27.4 - https:\/\/yoast.com\/product\/yoast-seo-wordpress\/ -->\n<title>Nosotros - Sello de Calidad<\/title>\n<meta name=\"robots\" content=\"index, follow, max-snippet:-1, max-image-preview:large, max-video-preview:-1\" \/>\n<link rel=\"canonical\" href=\"https:\/\/sellocalidadservicio.com.ar\/index.php\/nosotros\/\" \/>\n<meta property=\"og:locale\" content=\"es_ES\" \/>\n<meta property=\"og:type\" content=\"article\" \/>\n<meta property=\"og:title\" content=\"Nosotros - Sello de Calidad\" \/>\n<meta property=\"og:description\" content=\"Nosotros Por qu\u00e9 elegirnos Nuestra visi\u00f3n como Cl\u00faster de Servicios Empresariales es visibilizar y jerarquizar la calidad de la oferta en nuestro sector. Por tal motivo aspiramos a otorgar un Sello de Calidad que les d\u00e9 identidad, distinci\u00f3n y referencia ante clientes y usuarios de los servicios.Llegar a esta aspiraci\u00f3n es una consecuencia natural de [&hellip;]\" \/>\n<meta property=\"og:url\" content=\"https:\/\/sellocalidadservicio.com.ar\/index.php\/nosotros\/\" \/>\n<meta property=\"og:site_name\" content=\"Sello de Calidad\" \/>\n<meta property=\"article:modified_time\" content=\"2024-09-05T13:27:47+00:00\" \/>\n<meta property=\"og:image\" content=\"https:\/\/sellocalidadservicio.com.ar\/wp-content\/uploads\/2024\/07\/logos-sellos.svg\" \/>\n<meta name=\"twitter:card\" content=\"summary_large_image\" \/>\n<meta name=\"twitter:label1\" content=\"Tiempo de lectura\" \/>\n\t<meta name=\"twitter:data1\" content=\"2 minutos\" \/>\n<script type=\"application\/ld+json\" class=\"yoast-schema-graph\">{\"@context\":\"https:\\\/\\\/schema.org\",\"@graph\":[{\"@type\":\"WebPage\",\"@id\":\"https:\\\/\\\/sellocalidadservicio.com.ar\\\/index.php\\\/nosotros\\\/\",\"url\":\"https:\\\/\\\/sellocalidadservicio.com.ar\\\/index.php\\\/nosotros\\\/\",\"name\":\"Nosotros - Sello de Calidad\",\"isPartOf\":{\"@id\":\"https:\\\/\\\/sellocalidadservicio.com.ar\\\/#website\"},\"primaryImageOfPage\":{\"@id\":\"https:\\\/\\\/sellocalidadservicio.com.ar\\\/index.php\\\/nosotros\\\/#primaryimage\"},\"image\":{\"@id\":\"https:\\\/\\\/sellocalidadservicio.com.ar\\\/index.php\\\/nosotros\\\/#primaryimage\"},\"thumbnailUrl\":\"https:\\\/\\\/sellocalidadservicio.com.ar\\\/wp-content\\\/uploads\\\/2024\\\/07\\\/logos-sellos.svg\",\"datePublished\":\"2024-08-06T18:53:46+00:00\",\"dateModified\":\"2024-09-05T13:27:47+00:00\",\"breadcrumb\":{\"@id\":\"https:\\\/\\\/sellocalidadservicio.com.ar\\\/index.php\\\/nosotros\\\/#breadcrumb\"},\"inLanguage\":\"es\",\"potentialAction\":[{\"@type\":\"ReadAction\",\"target\":[\"https:\\\/\\\/sellocalidadservicio.com.ar\\\/index.php\\\/nosotros\\\/\"]}]},{\"@type\":\"ImageObject\",\"inLanguage\":\"es\",\"@id\":\"https:\\\/\\\/sellocalidadservicio.com.ar\\\/index.php\\\/nosotros\\\/#primaryimage\",\"url\":\"https:\\\/\\\/sellocalidadservicio.com.ar\\\/wp-content\\\/uploads\\\/2024\\\/07\\\/logos-sellos.svg\",\"contentUrl\":\"https:\\\/\\\/sellocalidadservicio.com.ar\\\/wp-content\\\/uploads\\\/2024\\\/07\\\/logos-sellos.svg\",\"width\":244,\"height\":98},{\"@type\":\"BreadcrumbList\",\"@id\":\"https:\\\/\\\/sellocalidadservicio.com.ar\\\/index.php\\\/nosotros\\\/#breadcrumb\",\"itemListElement\":[{\"@type\":\"ListItem\",\"position\":1,\"name\":\"Portada\",\"item\":\"https:\\\/\\\/sellocalidadservicio.com.ar\\\/\"},{\"@type\":\"ListItem\",\"position\":2,\"name\":\"Nosotros\"}]},{\"@type\":\"WebSite\",\"@id\":\"https:\\\/\\\/sellocalidadservicio.com.ar\\\/#website\",\"url\":\"https:\\\/\\\/sellocalidadservicio.com.ar\\\/\",\"name\":\"Sello de Calidad\",\"description\":\"Cl\u00faster de Servicios Empresariales\",\"potentialAction\":[{\"@type\":\"SearchAction\",\"target\":{\"@type\":\"EntryPoint\",\"urlTemplate\":\"https:\\\/\\\/sellocalidadservicio.com.ar\\\/?s={search_term_string}\"},\"query-input\":{\"@type\":\"PropertyValueSpecification\",\"valueRequired\":true,\"valueName\":\"search_term_string\"}}],\"inLanguage\":\"es\"}]}<\/script>\n<!-- \/ Yoast SEO plugin. -->","yoast_head_json":{"title":"Nosotros - Sello de Calidad","robots":{"index":"index","follow":"follow","max-snippet":"max-snippet:-1","max-image-preview":"max-image-preview:large","max-video-preview":"max-video-preview:-1"},"canonical":"https:\/\/sellocalidadservicio.com.ar\/index.php\/nosotros\/","og_locale":"es_ES","og_type":"article","og_title":"Nosotros - Sello de Calidad","og_description":"Nosotros Por qu\u00e9 elegirnos Nuestra visi\u00f3n como Cl\u00faster de Servicios Empresariales es visibilizar y jerarquizar la calidad de la oferta en nuestro sector. Por tal motivo aspiramos a otorgar un Sello de Calidad que les d\u00e9 identidad, distinci\u00f3n y referencia ante clientes y usuarios de los servicios.Llegar a esta aspiraci\u00f3n es una consecuencia natural de [&hellip;]","og_url":"https:\/\/sellocalidadservicio.com.ar\/index.php\/nosotros\/","og_site_name":"Sello de Calidad","article_modified_time":"2024-09-05T13:27:47+00:00","og_image":[{"url":"https:\/\/sellocalidadservicio.com.ar\/wp-content\/uploads\/2024\/07\/logos-sellos.svg","type":"","width":"","height":""}],"twitter_card":"summary_large_image","twitter_misc":{"Tiempo de lectura":"2 minutos"},"schema":{"@context":"https:\/\/schema.org","@graph":[{"@type":"WebPage","@id":"https:\/\/sellocalidadservicio.com.ar\/index.php\/nosotros\/","url":"https:\/\/sellocalidadservicio.com.ar\/index.php\/nosotros\/","name":"Nosotros - Sello de Calidad","isPartOf":{"@id":"https:\/\/sellocalidadservicio.com.ar\/#website"},"primaryImageOfPage":{"@id":"https:\/\/sellocalidadservicio.com.ar\/index.php\/nosotros\/#primaryimage"},"image":{"@id":"https:\/\/sellocalidadservicio.com.ar\/index.php\/nosotros\/#primaryimage"},"thumbnailUrl":"https:\/\/sellocalidadservicio.com.ar\/wp-content\/uploads\/2024\/07\/logos-sellos.svg","datePublished":"2024-08-06T18:53:46+00:00","dateModified":"2024-09-05T13:27:47+00:00","breadcrumb":{"@id":"https:\/\/sellocalidadservicio.com.ar\/index.php\/nosotros\/#breadcrumb"},"inLanguage":"es","potentialAction":[{"@type":"ReadAction","target":["https:\/\/sellocalidadservicio.com.ar\/index.php\/nosotros\/"]}]},{"@type":"ImageObject","inLanguage":"es","@id":"https:\/\/sellocalidadservicio.com.ar\/index.php\/nosotros\/#primaryimage","url":"https:\/\/sellocalidadservicio.com.ar\/wp-content\/uploads\/2024\/07\/logos-sellos.svg","contentUrl":"https:\/\/sellocalidadservicio.com.ar\/wp-content\/uploads\/2024\/07\/logos-sellos.svg","width":244,"height":98},{"@type":"BreadcrumbList","@id":"https:\/\/sellocalidadservicio.com.ar\/index.php\/nosotros\/#breadcrumb","itemListElement":[{"@type":"ListItem","position":1,"name":"Portada","item":"https:\/\/sellocalidadservicio.com.ar\/"},{"@type":"ListItem","position":2,"name":"Nosotros"}]},{"@type":"WebSite","@id":"https:\/\/sellocalidadservicio.com.ar\/#website","url":"https:\/\/sellocalidadservicio.com.ar\/","name":"Sello de Calidad","description":"Cl\u00faster de Servicios Empresariales","potentialAction":[{"@type":"SearchAction","target":{"@type":"EntryPoint","urlTemplate":"https:\/\/sellocalidadservicio.com.ar\/?s={search_term_string}"},"query-input":{"@type":"PropertyValueSpecification","valueRequired":true,"valueName":"search_term_string"}}],"inLanguage":"es"}]}},"_links":{"self":[{"href":"https:\/\/sellocalidadservicio.com.ar\/index.php\/wp-json\/wp\/v2\/pages\/618","targetHints":{"allow":["GET"]}}],"collection":[{"href":"https:\/\/sellocalidadservicio.com.ar\/index.php\/wp-json\/wp\/v2\/pages"}],"about":[{"href":"https:\/\/sellocalidadservicio.com.ar\/index.php\/wp-json\/wp\/v2\/types\/page"}],"author":[{"embeddable":true,"href":"https:\/\/sellocalidadservicio.com.ar\/index.php\/wp-json\/wp\/v2\/users\/1"}],"replies":[{"embeddable":true,"href":"https:\/\/sellocalidadservicio.com.ar\/index.php\/wp-json\/wp\/v2\/comments?post=618"}],"version-history":[{"count":55,"href":"https:\/\/sellocalidadservicio.com.ar\/index.php\/wp-json\/wp\/v2\/pages\/618\/revisions"}],"predecessor-version":[{"id":912,"href":"https:\/\/sellocalidadservicio.com.ar\/index.php\/wp-json\/wp\/v2\/pages\/618\/revisions\/912"}],"wp:attachment":[{"href":"https:\/\/sellocalidadservicio.com.ar\/index.php\/wp-json\/wp\/v2\/media?parent=618"}],"curies":[{"name":"wp","href":"https:\/\/api.w.org\/{rel}","templated":true}]}}