{"id":537,"date":"2024-08-02T16:17:37","date_gmt":"2024-08-02T14:17:37","guid":{"rendered":"https:\/\/sellocalidadservicio.com.ar\/?page_id=537"},"modified":"2024-09-05T16:01:44","modified_gmt":"2024-09-05T14:01:44","slug":"acreditados","status":"publish","type":"page","link":"https:\/\/sellocalidadservicio.com.ar\/index.php\/acreditados\/","title":{"rendered":"Acreditados"},"content":{"rendered":"\t\t<div data-elementor-type=\"wp-page\" data-elementor-id=\"537\" class=\"elementor elementor-537\" data-elementor-post-type=\"page\">\n\t\t\t\t<div class=\"elementor-element elementor-element-324af7f e-flex e-con-boxed e-con e-parent\" data-id=\"324af7f\" data-element_type=\"container\" data-e-type=\"container\" data-settings=\"{&quot;background_background&quot;:&quot;classic&quot;}\">\n\t\t\t\t\t<div class=\"e-con-inner\">\n\t\t\t\t<div class=\"elementor-element elementor-element-6a37259 elementor-widget elementor-widget-heading\" data-id=\"6a37259\" data-element_type=\"widget\" data-e-type=\"widget\" data-widget_type=\"heading.default\">\n\t\t\t\t<div class=\"elementor-widget-container\">\n\t\t\t\t\t<h1 class=\"elementor-heading-title elementor-size-default\"><b>Apoyos institucionales<\/b><br>\n<\/h1>\t\t\t\t<\/div>\n\t\t\t\t<\/div>\n\t\t\t\t\t<\/div>\n\t\t\t\t<\/div>\n\t\t<div class=\"elementor-element elementor-element-ec98e69 e-flex e-con-boxed e-con e-parent\" data-id=\"ec98e69\" data-element_type=\"container\" data-e-type=\"container\" data-settings=\"{&quot;background_background&quot;:&quot;classic&quot;}\">\n\t\t\t\t\t<div class=\"e-con-inner\">\n\t\t\t\t<div class=\"elementor-element elementor-element-7e8234c elementor-widget elementor-widget-text-editor\" data-id=\"7e8234c\" data-element_type=\"widget\" data-e-type=\"widget\" data-widget_type=\"text-editor.default\">\n\t\t\t\t<div class=\"elementor-widget-container\">\n\t\t\t\t\t\t\t\t\t<p>El Cl\u00faster de Servicios Empresariales Asociaci\u00f3n Civil dise\u00f1a y custodia la aplicaci\u00f3n correcta del Sello de Calidad de Servicios Empresariales apoyado por instituciones que valoran y reconocen los modelos de mejora continua.<\/p>\t\t\t\t\t\t\t\t<\/div>\n\t\t\t\t<\/div>\n\t\t\t\t\t<\/div>\n\t\t\t\t<\/div>\n\t\t<div class=\"elementor-element elementor-element-ae6ad56 e-flex e-con-boxed e-con e-parent\" data-id=\"ae6ad56\" data-element_type=\"container\" data-e-type=\"container\" data-settings=\"{&quot;background_background&quot;:&quot;classic&quot;}\">\n\t\t\t\t\t<div class=\"e-con-inner\">\n\t\t<div class=\"elementor-element elementor-element-6c6db1e e-con-full e-flex e-con e-child\" data-id=\"6c6db1e\" data-element_type=\"container\" data-e-type=\"container\">\n\t\t\t\t<div class=\"elementor-element elementor-element-5688af9 elementor-position-top elementor-widget elementor-widget-image-box\" data-id=\"5688af9\" data-element_type=\"widget\" data-e-type=\"widget\" data-widget_type=\"image-box.default\">\n\t\t\t\t<div class=\"elementor-widget-container\">\n\t\t\t\t\t<div class=\"elementor-image-box-wrapper\"><figure class=\"elementor-image-box-img\"><img fetchpriority=\"high\" decoding=\"async\" width=\"600\" height=\"600\" src=\"https:\/\/sellocalidadservicio.com.ar\/wp-content\/uploads\/2024\/09\/d5b44242-fb1d-4266-b3fc-5a2ec97dc200.jpg\" class=\"attachment-full size-full wp-image-729\" alt=\"\" srcset=\"https:\/\/sellocalidadservicio.com.ar\/wp-content\/uploads\/2024\/09\/d5b44242-fb1d-4266-b3fc-5a2ec97dc200.jpg 600w, https:\/\/sellocalidadservicio.com.ar\/wp-content\/uploads\/2024\/09\/d5b44242-fb1d-4266-b3fc-5a2ec97dc200-300x300.jpg 300w, https:\/\/sellocalidadservicio.com.ar\/wp-content\/uploads\/2024\/09\/d5b44242-fb1d-4266-b3fc-5a2ec97dc200-150x150.jpg 150w\" sizes=\"(max-width: 600px) 100vw, 600px\" \/><\/figure><div class=\"elementor-image-box-content\"><h3 class=\"elementor-image-box-title\">DESCAR ARGENTINA SRL<\/h3><p class=\"elementor-image-box-description\">Ingenier\u00eda \/ Arquitectura \/ Dise\u00f1o y salud<\/p><\/div><\/div>\t\t\t\t<\/div>\n\t\t\t\t<\/div>\n\t\t\t\t<div class=\"elementor-element elementor-element-0f74e35 elementor-widget elementor-widget-n-accordion\" data-id=\"0f74e35\" data-element_type=\"widget\" data-e-type=\"widget\" data-settings=\"{&quot;default_state&quot;:&quot;all_collapsed&quot;,&quot;max_items_expended&quot;:&quot;one&quot;,&quot;n_accordion_animation_duration&quot;:{&quot;unit&quot;:&quot;ms&quot;,&quot;size&quot;:400,&quot;sizes&quot;:[]}}\" data-widget_type=\"nested-accordion.default\">\n\t\t\t\t<div class=\"elementor-widget-container\">\n\t\t\t\t\t\t\t<div class=\"e-n-accordion\" aria-label=\"Accordion. Open links with Enter or Space, close with Escape, and navigate with Arrow Keys\">\n\t\t\t\t\t\t<details id=\"e-n-accordion-item-1620\" class=\"e-n-accordion-item\" >\n\t\t\t\t<summary class=\"e-n-accordion-item-title\" data-accordion-index=\"1\" tabindex=\"0\" aria-expanded=\"false\" aria-controls=\"e-n-accordion-item-1620\" >\n\t\t\t\t\t<span class='e-n-accordion-item-title-header'><div class=\"e-n-accordion-item-title-text\"> Informaci\u00f3n <\/div><\/span>\n\t\t\t\t\t\t\t<span class='e-n-accordion-item-title-icon'>\n\t\t\t<span class='e-opened' ><svg aria-hidden=\"true\" class=\"e-font-icon-svg e-fas-minus\" viewBox=\"0 0 448 512\" xmlns=\"http:\/\/www.w3.org\/2000\/svg\"><path d=\"M416 208H32c-17.67 0-32 14.33-32 32v32c0 17.67 14.33 32 32 32h384c17.67 0 32-14.33 32-32v-32c0-17.67-14.33-32-32-32z\"><\/path><\/svg><\/span>\n\t\t\t<span class='e-closed'><svg aria-hidden=\"true\" class=\"e-font-icon-svg e-fas-plus\" viewBox=\"0 0 448 512\" xmlns=\"http:\/\/www.w3.org\/2000\/svg\"><path d=\"M416 208H272V64c0-17.67-14.33-32-32-32h-32c-17.67 0-32 14.33-32 32v144H32c-17.67 0-32 14.33-32 32v32c0 17.67 14.33 32 32 32h144v144c0 17.67 14.33 32 32 32h32c17.67 0 32-14.33 32-32V304h144c17.67 0 32-14.33 32-32v-32c0-17.67-14.33-32-32-32z\"><\/path><\/svg><\/span>\n\t\t<\/span>\n\n\t\t\t\t\t\t<\/summary>\n\t\t\t\t<div role=\"region\" aria-labelledby=\"e-n-accordion-item-1620\" class=\"elementor-element elementor-element-1d3a8be e-con-full e-flex e-con e-child\" data-id=\"1d3a8be\" data-element_type=\"container\" data-e-type=\"container\">\n\t\t\t\t<div class=\"elementor-element elementor-element-7f9e6e3 elementor-widget elementor-widget-text-editor\" data-id=\"7f9e6e3\" data-element_type=\"widget\" data-e-type=\"widget\" data-widget_type=\"text-editor.default\">\n\t\t\t\t<div class=\"elementor-widget-container\">\n\t\t\t\t\t\t\t\t\t<p><strong>Responsable:<\/strong> Lic. Lucas Dececco<br \/><strong>Rubro:<\/strong> Ingenier\u00eda \/ Arquitectura \/ Dise\u00f1o y salud<br \/><strong>Actividad:<\/strong> Dise\u00f1o y desarrollo de productos, l\u00edneas de producci\u00f3n, gemelos digitales y gesti\u00f3n de la vida del producto.<br \/>LINK <strong><span style=\"color: #077196;\"><a style=\"color: #077196;\" href=\"http:\/\/LINK www.descar.tech.com\/sello\" data-wplink-url-error=\"true\">www.descar.tech.com\/sello<\/a><\/span><\/strong><\/p>\t\t\t\t\t\t\t\t<\/div>\n\t\t\t\t<\/div>\n\t\t\t\t<\/div>\n\t\t\t\t\t<\/details>\n\t\t\t\t\t<\/div>\n\t\t\t\t\t\t<\/div>\n\t\t\t\t<\/div>\n\t\t\t\t<\/div>\n\t\t<div class=\"elementor-element elementor-element-4ed2f0e e-con-full e-flex e-con e-child\" data-id=\"4ed2f0e\" data-element_type=\"container\" data-e-type=\"container\">\n\t\t\t\t<div class=\"elementor-element elementor-element-016fcc3 elementor-position-top elementor-widget elementor-widget-image-box\" data-id=\"016fcc3\" data-element_type=\"widget\" data-e-type=\"widget\" data-widget_type=\"image-box.default\">\n\t\t\t\t<div class=\"elementor-widget-container\">\n\t\t\t\t\t<div class=\"elementor-image-box-wrapper\"><figure class=\"elementor-image-box-img\"><img decoding=\"async\" width=\"600\" height=\"600\" src=\"https:\/\/sellocalidadservicio.com.ar\/wp-content\/uploads\/2024\/09\/logo-met-medicina-privada.svg\" class=\"attachment-full size-full wp-image-932\" alt=\"\" \/><\/figure><div class=\"elementor-image-box-content\"><h3 class=\"elementor-image-box-title\">MET MEDICINA PRIVADA<\/h3><p class=\"elementor-image-box-description\">Salud<\/p><\/div><\/div>\t\t\t\t<\/div>\n\t\t\t\t<\/div>\n\t\t\t\t<div class=\"elementor-element elementor-element-ad91e7c elementor-widget elementor-widget-n-accordion\" data-id=\"ad91e7c\" data-element_type=\"widget\" data-e-type=\"widget\" data-settings=\"{&quot;default_state&quot;:&quot;all_collapsed&quot;,&quot;max_items_expended&quot;:&quot;one&quot;,&quot;n_accordion_animation_duration&quot;:{&quot;unit&quot;:&quot;ms&quot;,&quot;size&quot;:400,&quot;sizes&quot;:[]}}\" data-widget_type=\"nested-accordion.default\">\n\t\t\t\t<div class=\"elementor-widget-container\">\n\t\t\t\t\t\t\t<div class=\"e-n-accordion\" aria-label=\"Accordion. Open links with Enter or Space, close with Escape, and navigate with Arrow Keys\">\n\t\t\t\t\t\t<details id=\"e-n-accordion-item-1820\" class=\"e-n-accordion-item\" >\n\t\t\t\t<summary class=\"e-n-accordion-item-title\" data-accordion-index=\"1\" tabindex=\"0\" aria-expanded=\"false\" aria-controls=\"e-n-accordion-item-1820\" >\n\t\t\t\t\t<span class='e-n-accordion-item-title-header'><div class=\"e-n-accordion-item-title-text\"> Informaci\u00f3n <\/div><\/span>\n\t\t\t\t\t\t\t<span class='e-n-accordion-item-title-icon'>\n\t\t\t<span class='e-opened' ><svg aria-hidden=\"true\" class=\"e-font-icon-svg e-fas-minus\" viewBox=\"0 0 448 512\" xmlns=\"http:\/\/www.w3.org\/2000\/svg\"><path d=\"M416 208H32c-17.67 0-32 14.33-32 32v32c0 17.67 14.33 32 32 32h384c17.67 0 32-14.33 32-32v-32c0-17.67-14.33-32-32-32z\"><\/path><\/svg><\/span>\n\t\t\t<span class='e-closed'><svg aria-hidden=\"true\" class=\"e-font-icon-svg e-fas-plus\" viewBox=\"0 0 448 512\" xmlns=\"http:\/\/www.w3.org\/2000\/svg\"><path d=\"M416 208H272V64c0-17.67-14.33-32-32-32h-32c-17.67 0-32 14.33-32 32v144H32c-17.67 0-32 14.33-32 32v32c0 17.67 14.33 32 32 32h144v144c0 17.67 14.33 32 32 32h32c17.67 0 32-14.33 32-32V304h144c17.67 0 32-14.33 32-32v-32c0-17.67-14.33-32-32-32z\"><\/path><\/svg><\/span>\n\t\t<\/span>\n\n\t\t\t\t\t\t<\/summary>\n\t\t\t\t<div role=\"region\" aria-labelledby=\"e-n-accordion-item-1820\" class=\"elementor-element elementor-element-edadb08 e-con-full e-flex e-con e-child\" data-id=\"edadb08\" data-element_type=\"container\" data-e-type=\"container\">\n\t\t\t\t<div class=\"elementor-element elementor-element-7f9fe87 elementor-widget elementor-widget-text-editor\" data-id=\"7f9fe87\" data-element_type=\"widget\" data-e-type=\"widget\" data-widget_type=\"text-editor.default\">\n\t\t\t\t<div class=\"elementor-widget-container\">\n\t\t\t\t\t\t\t\t\t<p><strong>Responsable:<\/strong> Ing. Elvio Fernandez<br \/><strong>Rubro:<\/strong> Salud<br \/><strong>Actividad:<\/strong> Servicio de medicina prepaga.<br \/>LINK<strong><span style=\"color: #077196;\"><a style=\"color: #077196;\" href=\"https:\/\/www.metmedicinaprivada.com\/sello\"> https:\/\/www.metmedicinaprivada.com\/sellowww.descar.tech.com\/sello<\/a><\/span><\/strong><\/p>\t\t\t\t\t\t\t\t<\/div>\n\t\t\t\t<\/div>\n\t\t\t\t<\/div>\n\t\t\t\t\t<\/details>\n\t\t\t\t\t<\/div>\n\t\t\t\t\t\t<\/div>\n\t\t\t\t<\/div>\n\t\t\t\t<\/div>\n\t\t<div class=\"elementor-element elementor-element-55d4079 e-con-full e-flex e-con e-child\" data-id=\"55d4079\" data-element_type=\"container\" data-e-type=\"container\">\n\t\t\t\t<div class=\"elementor-element elementor-element-9d64513 elementor-position-top elementor-widget elementor-widget-image-box\" data-id=\"9d64513\" data-element_type=\"widget\" data-e-type=\"widget\" data-widget_type=\"image-box.default\">\n\t\t\t\t<div class=\"elementor-widget-container\">\n\t\t\t\t\t<div class=\"elementor-image-box-wrapper\"><figure class=\"elementor-image-box-img\"><img fetchpriority=\"high\" decoding=\"async\" width=\"600\" height=\"600\" src=\"https:\/\/sellocalidadservicio.com.ar\/wp-content\/uploads\/2024\/09\/d5b44242-fb1d-4266-b3fc-5a2ec97dc200.jpg\" class=\"attachment-full size-full wp-image-729\" alt=\"\" srcset=\"https:\/\/sellocalidadservicio.com.ar\/wp-content\/uploads\/2024\/09\/d5b44242-fb1d-4266-b3fc-5a2ec97dc200.jpg 600w, https:\/\/sellocalidadservicio.com.ar\/wp-content\/uploads\/2024\/09\/d5b44242-fb1d-4266-b3fc-5a2ec97dc200-300x300.jpg 300w, https:\/\/sellocalidadservicio.com.ar\/wp-content\/uploads\/2024\/09\/d5b44242-fb1d-4266-b3fc-5a2ec97dc200-150x150.jpg 150w\" sizes=\"(max-width: 600px) 100vw, 600px\" \/><\/figure><div class=\"elementor-image-box-content\"><h3 class=\"elementor-image-box-title\">DESCAR ARGENTINA SRL<\/h3><p class=\"elementor-image-box-description\">Ingenier\u00eda \/ Arquitectura \/ Dise\u00f1o y salud<\/p><\/div><\/div>\t\t\t\t<\/div>\n\t\t\t\t<\/div>\n\t\t\t\t<div class=\"elementor-element elementor-element-a8798ec elementor-widget elementor-widget-n-accordion\" data-id=\"a8798ec\" data-element_type=\"widget\" data-e-type=\"widget\" data-settings=\"{&quot;default_state&quot;:&quot;all_collapsed&quot;,&quot;max_items_expended&quot;:&quot;one&quot;,&quot;n_accordion_animation_duration&quot;:{&quot;unit&quot;:&quot;ms&quot;,&quot;size&quot;:400,&quot;sizes&quot;:[]}}\" data-widget_type=\"nested-accordion.default\">\n\t\t\t\t<div class=\"elementor-widget-container\">\n\t\t\t\t\t\t\t<div class=\"e-n-accordion\" aria-label=\"Accordion. Open links with Enter or Space, close with Escape, and navigate with Arrow Keys\">\n\t\t\t\t\t\t<details id=\"e-n-accordion-item-1760\" class=\"e-n-accordion-item\" >\n\t\t\t\t<summary class=\"e-n-accordion-item-title\" data-accordion-index=\"1\" tabindex=\"0\" aria-expanded=\"false\" aria-controls=\"e-n-accordion-item-1760\" >\n\t\t\t\t\t<span class='e-n-accordion-item-title-header'><div class=\"e-n-accordion-item-title-text\"> Informaci\u00f3n <\/div><\/span>\n\t\t\t\t\t\t\t<span class='e-n-accordion-item-title-icon'>\n\t\t\t<span class='e-opened' ><svg aria-hidden=\"true\" class=\"e-font-icon-svg e-fas-minus\" viewBox=\"0 0 448 512\" xmlns=\"http:\/\/www.w3.org\/2000\/svg\"><path d=\"M416 208H32c-17.67 0-32 14.33-32 32v32c0 17.67 14.33 32 32 32h384c17.67 0 32-14.33 32-32v-32c0-17.67-14.33-32-32-32z\"><\/path><\/svg><\/span>\n\t\t\t<span class='e-closed'><svg aria-hidden=\"true\" class=\"e-font-icon-svg e-fas-plus\" viewBox=\"0 0 448 512\" xmlns=\"http:\/\/www.w3.org\/2000\/svg\"><path d=\"M416 208H272V64c0-17.67-14.33-32-32-32h-32c-17.67 0-32 14.33-32 32v144H32c-17.67 0-32 14.33-32 32v32c0 17.67 14.33 32 32 32h144v144c0 17.67 14.33 32 32 32h32c17.67 0 32-14.33 32-32V304h144c17.67 0 32-14.33 32-32v-32c0-17.67-14.33-32-32-32z\"><\/path><\/svg><\/span>\n\t\t<\/span>\n\n\t\t\t\t\t\t<\/summary>\n\t\t\t\t<div role=\"region\" aria-labelledby=\"e-n-accordion-item-1760\" class=\"elementor-element elementor-element-a314912 e-con-full e-flex e-con e-child\" data-id=\"a314912\" data-element_type=\"container\" data-e-type=\"container\">\n\t\t\t\t<div class=\"elementor-element elementor-element-6b30fcc elementor-widget elementor-widget-text-editor\" data-id=\"6b30fcc\" data-element_type=\"widget\" data-e-type=\"widget\" data-widget_type=\"text-editor.default\">\n\t\t\t\t<div class=\"elementor-widget-container\">\n\t\t\t\t\t\t\t\t\t<p><strong>Responsable:<\/strong> Lic. Lucas Dececco<br \/><strong>Rubro:<\/strong> Ingenier\u00eda \/ Arquitectura \/ Dise\u00f1o y salud<br \/><strong>Actividad:<\/strong> Dise\u00f1o y desarrollo de productos, l\u00edneas de producci\u00f3n, gemelos digitales y gesti\u00f3n de la vida del producto.<br \/>LINK <strong><span style=\"color: #077196;\"><a style=\"color: #077196;\" href=\"http:\/\/LINK www.descar.tech.com\/sello\" data-wplink-url-error=\"true\">www.descar.tech.com\/sello<\/a><\/span><\/strong><\/p>\t\t\t\t\t\t\t\t<\/div>\n\t\t\t\t<\/div>\n\t\t\t\t<\/div>\n\t\t\t\t\t<\/details>\n\t\t\t\t\t<\/div>\n\t\t\t\t\t\t<\/div>\n\t\t\t\t<\/div>\n\t\t\t\t<\/div>\n\t\t\t\t\t<\/div>\n\t\t\t\t<\/div>\n\t\t\t\t<\/div>\n\t\t","protected":false},"excerpt":{"rendered":"<p>Apoyos institucionales El Cl\u00faster de Servicios Empresariales Asociaci\u00f3n Civil dise\u00f1a y custodia la aplicaci\u00f3n correcta del Sello de Calidad de Servicios Empresariales apoyado por instituciones que valoran y reconocen los modelos de mejora continua. DESCAR ARGENTINA SRL Ingenier\u00eda \/ Arquitectura \/ Dise\u00f1o y salud Informaci\u00f3n Responsable: Lic. Lucas DececcoRubro: Ingenier\u00eda \/ Arquitectura \/ Dise\u00f1o y [&hellip;]<\/p>\n","protected":false},"author":1,"featured_media":0,"parent":0,"menu_order":0,"comment_status":"closed","ping_status":"closed","template":"elementor_header_footer","meta":{"_joinchat":[],"footnotes":""},"class_list":["post-537","page","type-page","status-publish","hentry"],"yoast_head":"<!-- This site is optimized with the Yoast SEO plugin v27.4 - https:\/\/yoast.com\/product\/yoast-seo-wordpress\/ -->\n<title>Acreditados - Sello de Calidad<\/title>\n<meta name=\"robots\" content=\"index, follow, max-snippet:-1, max-image-preview:large, max-video-preview:-1\" \/>\n<link rel=\"canonical\" href=\"https:\/\/sellocalidadservicio.com.ar\/index.php\/acreditados\/\" \/>\n<meta property=\"og:locale\" content=\"es_ES\" \/>\n<meta property=\"og:type\" content=\"article\" \/>\n<meta property=\"og:title\" content=\"Acreditados - Sello de Calidad\" \/>\n<meta property=\"og:description\" content=\"Apoyos institucionales El Cl\u00faster de Servicios Empresariales Asociaci\u00f3n Civil dise\u00f1a y custodia la aplicaci\u00f3n correcta del Sello de Calidad de Servicios Empresariales apoyado por instituciones que valoran y reconocen los modelos de mejora continua. DESCAR ARGENTINA SRL Ingenier\u00eda \/ Arquitectura \/ Dise\u00f1o y salud Informaci\u00f3n Responsable: Lic. Lucas DececcoRubro: Ingenier\u00eda \/ Arquitectura \/ Dise\u00f1o y [&hellip;]\" \/>\n<meta property=\"og:url\" content=\"https:\/\/sellocalidadservicio.com.ar\/index.php\/acreditados\/\" \/>\n<meta property=\"og:site_name\" content=\"Sello de Calidad\" \/>\n<meta property=\"article:modified_time\" content=\"2024-09-05T14:01:44+00:00\" \/>\n<meta property=\"og:image\" content=\"https:\/\/sellocalidadservicio.com.ar\/wp-content\/uploads\/2024\/09\/d5b44242-fb1d-4266-b3fc-5a2ec97dc200.jpg\" \/>\n<meta name=\"twitter:card\" content=\"summary_large_image\" \/>\n<meta name=\"twitter:label1\" content=\"Tiempo de lectura\" \/>\n\t<meta name=\"twitter:data1\" content=\"2 minutos\" \/>\n<script type=\"application\/ld+json\" class=\"yoast-schema-graph\">{\"@context\":\"https:\\\/\\\/schema.org\",\"@graph\":[{\"@type\":\"WebPage\",\"@id\":\"https:\\\/\\\/sellocalidadservicio.com.ar\\\/index.php\\\/acreditados\\\/\",\"url\":\"https:\\\/\\\/sellocalidadservicio.com.ar\\\/index.php\\\/acreditados\\\/\",\"name\":\"Acreditados - Sello de Calidad\",\"isPartOf\":{\"@id\":\"https:\\\/\\\/sellocalidadservicio.com.ar\\\/#website\"},\"primaryImageOfPage\":{\"@id\":\"https:\\\/\\\/sellocalidadservicio.com.ar\\\/index.php\\\/acreditados\\\/#primaryimage\"},\"image\":{\"@id\":\"https:\\\/\\\/sellocalidadservicio.com.ar\\\/index.php\\\/acreditados\\\/#primaryimage\"},\"thumbnailUrl\":\"https:\\\/\\\/sellocalidadservicio.com.ar\\\/wp-content\\\/uploads\\\/2024\\\/09\\\/d5b44242-fb1d-4266-b3fc-5a2ec97dc200.jpg\",\"datePublished\":\"2024-08-02T14:17:37+00:00\",\"dateModified\":\"2024-09-05T14:01:44+00:00\",\"breadcrumb\":{\"@id\":\"https:\\\/\\\/sellocalidadservicio.com.ar\\\/index.php\\\/acreditados\\\/#breadcrumb\"},\"inLanguage\":\"es\",\"potentialAction\":[{\"@type\":\"ReadAction\",\"target\":[\"https:\\\/\\\/sellocalidadservicio.com.ar\\\/index.php\\\/acreditados\\\/\"]}]},{\"@type\":\"ImageObject\",\"inLanguage\":\"es\",\"@id\":\"https:\\\/\\\/sellocalidadservicio.com.ar\\\/index.php\\\/acreditados\\\/#primaryimage\",\"url\":\"https:\\\/\\\/sellocalidadservicio.com.ar\\\/wp-content\\\/uploads\\\/2024\\\/09\\\/d5b44242-fb1d-4266-b3fc-5a2ec97dc200.jpg\",\"contentUrl\":\"https:\\\/\\\/sellocalidadservicio.com.ar\\\/wp-content\\\/uploads\\\/2024\\\/09\\\/d5b44242-fb1d-4266-b3fc-5a2ec97dc200.jpg\",\"width\":600,\"height\":600},{\"@type\":\"BreadcrumbList\",\"@id\":\"https:\\\/\\\/sellocalidadservicio.com.ar\\\/index.php\\\/acreditados\\\/#breadcrumb\",\"itemListElement\":[{\"@type\":\"ListItem\",\"position\":1,\"name\":\"Portada\",\"item\":\"https:\\\/\\\/sellocalidadservicio.com.ar\\\/\"},{\"@type\":\"ListItem\",\"position\":2,\"name\":\"Acreditados\"}]},{\"@type\":\"WebSite\",\"@id\":\"https:\\\/\\\/sellocalidadservicio.com.ar\\\/#website\",\"url\":\"https:\\\/\\\/sellocalidadservicio.com.ar\\\/\",\"name\":\"Sello de Calidad\",\"description\":\"Cl\u00faster de Servicios Empresariales\",\"potentialAction\":[{\"@type\":\"SearchAction\",\"target\":{\"@type\":\"EntryPoint\",\"urlTemplate\":\"https:\\\/\\\/sellocalidadservicio.com.ar\\\/?s={search_term_string}\"},\"query-input\":{\"@type\":\"PropertyValueSpecification\",\"valueRequired\":true,\"valueName\":\"search_term_string\"}}],\"inLanguage\":\"es\"}]}<\/script>\n<!-- \/ Yoast SEO plugin. -->","yoast_head_json":{"title":"Acreditados - Sello de Calidad","robots":{"index":"index","follow":"follow","max-snippet":"max-snippet:-1","max-image-preview":"max-image-preview:large","max-video-preview":"max-video-preview:-1"},"canonical":"https:\/\/sellocalidadservicio.com.ar\/index.php\/acreditados\/","og_locale":"es_ES","og_type":"article","og_title":"Acreditados - Sello de Calidad","og_description":"Apoyos institucionales El Cl\u00faster de Servicios Empresariales Asociaci\u00f3n Civil dise\u00f1a y custodia la aplicaci\u00f3n correcta del Sello de Calidad de Servicios Empresariales apoyado por instituciones que valoran y reconocen los modelos de mejora continua. DESCAR ARGENTINA SRL Ingenier\u00eda \/ Arquitectura \/ Dise\u00f1o y salud Informaci\u00f3n Responsable: Lic. Lucas DececcoRubro: Ingenier\u00eda \/ Arquitectura \/ Dise\u00f1o y [&hellip;]","og_url":"https:\/\/sellocalidadservicio.com.ar\/index.php\/acreditados\/","og_site_name":"Sello de Calidad","article_modified_time":"2024-09-05T14:01:44+00:00","og_image":[{"url":"https:\/\/sellocalidadservicio.com.ar\/wp-content\/uploads\/2024\/09\/d5b44242-fb1d-4266-b3fc-5a2ec97dc200.jpg","type":"","width":"","height":""}],"twitter_card":"summary_large_image","twitter_misc":{"Tiempo de lectura":"2 minutos"},"schema":{"@context":"https:\/\/schema.org","@graph":[{"@type":"WebPage","@id":"https:\/\/sellocalidadservicio.com.ar\/index.php\/acreditados\/","url":"https:\/\/sellocalidadservicio.com.ar\/index.php\/acreditados\/","name":"Acreditados - Sello de Calidad","isPartOf":{"@id":"https:\/\/sellocalidadservicio.com.ar\/#website"},"primaryImageOfPage":{"@id":"https:\/\/sellocalidadservicio.com.ar\/index.php\/acreditados\/#primaryimage"},"image":{"@id":"https:\/\/sellocalidadservicio.com.ar\/index.php\/acreditados\/#primaryimage"},"thumbnailUrl":"https:\/\/sellocalidadservicio.com.ar\/wp-content\/uploads\/2024\/09\/d5b44242-fb1d-4266-b3fc-5a2ec97dc200.jpg","datePublished":"2024-08-02T14:17:37+00:00","dateModified":"2024-09-05T14:01:44+00:00","breadcrumb":{"@id":"https:\/\/sellocalidadservicio.com.ar\/index.php\/acreditados\/#breadcrumb"},"inLanguage":"es","potentialAction":[{"@type":"ReadAction","target":["https:\/\/sellocalidadservicio.com.ar\/index.php\/acreditados\/"]}]},{"@type":"ImageObject","inLanguage":"es","@id":"https:\/\/sellocalidadservicio.com.ar\/index.php\/acreditados\/#primaryimage","url":"https:\/\/sellocalidadservicio.com.ar\/wp-content\/uploads\/2024\/09\/d5b44242-fb1d-4266-b3fc-5a2ec97dc200.jpg","contentUrl":"https:\/\/sellocalidadservicio.com.ar\/wp-content\/uploads\/2024\/09\/d5b44242-fb1d-4266-b3fc-5a2ec97dc200.jpg","width":600,"height":600},{"@type":"BreadcrumbList","@id":"https:\/\/sellocalidadservicio.com.ar\/index.php\/acreditados\/#breadcrumb","itemListElement":[{"@type":"ListItem","position":1,"name":"Portada","item":"https:\/\/sellocalidadservicio.com.ar\/"},{"@type":"ListItem","position":2,"name":"Acreditados"}]},{"@type":"WebSite","@id":"https:\/\/sellocalidadservicio.com.ar\/#website","url":"https:\/\/sellocalidadservicio.com.ar\/","name":"Sello de Calidad","description":"Cl\u00faster de Servicios Empresariales","potentialAction":[{"@type":"SearchAction","target":{"@type":"EntryPoint","urlTemplate":"https:\/\/sellocalidadservicio.com.ar\/?s={search_term_string}"},"query-input":{"@type":"PropertyValueSpecification","valueRequired":true,"valueName":"search_term_string"}}],"inLanguage":"es"}]}},"_links":{"self":[{"href":"https:\/\/sellocalidadservicio.com.ar\/index.php\/wp-json\/wp\/v2\/pages\/537","targetHints":{"allow":["GET"]}}],"collection":[{"href":"https:\/\/sellocalidadservicio.com.ar\/index.php\/wp-json\/wp\/v2\/pages"}],"about":[{"href":"https:\/\/sellocalidadservicio.com.ar\/index.php\/wp-json\/wp\/v2\/types\/page"}],"author":[{"embeddable":true,"href":"https:\/\/sellocalidadservicio.com.ar\/index.php\/wp-json\/wp\/v2\/users\/1"}],"replies":[{"embeddable":true,"href":"https:\/\/sellocalidadservicio.com.ar\/index.php\/wp-json\/wp\/v2\/comments?post=537"}],"version-history":[{"count":82,"href":"https:\/\/sellocalidadservicio.com.ar\/index.php\/wp-json\/wp\/v2\/pages\/537\/revisions"}],"predecessor-version":[{"id":945,"href":"https:\/\/sellocalidadservicio.com.ar\/index.php\/wp-json\/wp\/v2\/pages\/537\/revisions\/945"}],"wp:attachment":[{"href":"https:\/\/sellocalidadservicio.com.ar\/index.php\/wp-json\/wp\/v2\/media?parent=537"}],"curies":[{"name":"wp","href":"https:\/\/api.w.org\/{rel}","templated":true}]}}